{"id":1705,"date":"2020-03-19T12:53:02","date_gmt":"2020-03-19T11:53:02","guid":{"rendered":"http:\/\/askeryogashala.no\/?page_id=1705"},"modified":"2024-12-27T12:44:01","modified_gmt":"2024-12-27T11:44:01","slug":"online-yoga","status":"publish","type":"page","link":"https:\/\/askeryogashala.no\/?page_id=1705","title":{"rendered":"Timeplan"},"content":{"rendered":"<p><span style=\"color: #000000;\">Her ser du v\u00e5r timeplan. For p\u00e5melding, scroll nedover p\u00e5 siden til beskrivelse og p\u00e5melding (knappen &laquo;Bli med&raquo;) til de enkelte klassene. Prisene finner du under fanen &laquo;Priser&raquo; \u00f8verst p\u00e5 menylinjen.<\/span><\/p>\n<p><span style=\"color: #000000;\">Asker Yoga Shala tilbyr ogs\u00e5 noen live online timer, og vi har et eget videoarkiv. <\/span><span style=\"color: #000000;\">Du kan delta i v\u00e5re live yogaklasser gjennom <span style=\"color: #ff0000;\"><a style=\"color: #ff0000;\" href=\"https:\/\/us04web.zoom.us\/j\/3221371519\"><strong>ZOOM<\/strong><\/a>.<\/span> Tilbudet er inkludert i alle medlemskap, og for gjester koster det 70 kr per klasse.<\/span><\/p>\n<p><span style=\"color: #000000;\"><\/span><\/p>\n<p><span style=\"color: #000000;\"><strong>Online video arkiv!<\/strong><\/span><\/p>\n<p><span style=\"color: #000000;\">F\u00e5 tilgang til v\u00e5rt online video arkiv med ulike yogaklasser. Gratis for medlemmer, 200kr per mnd for gjester.<\/span><\/p>\n<p><span style=\"color: #000000;\"><strong>F\u00e5 tilgang<\/strong><\/span><\/p>\n<p><span style=\"color: #000000;\">Logg inn p\u00e5 <strong><span style=\"color: #ff0000;\"><a style=\"color: #ff0000;\" href=\"https:\/\/clients.mindbodyonline.com\/classic\/ws?studioid=642142&amp;stype=-102&amp;sView=day&amp;sLoc=0\">MINDBODY<\/a> <\/span><\/strong>og kj\u00f8p tilgang enten som medlem eller gjest.\u00a0<\/span><\/p>\n<p>&nbsp;<\/p>\n","protected":false},"excerpt":{"rendered":"<p>Her ser du v\u00e5r timeplan. For p\u00e5melding, scroll nedover p\u00e5 siden til beskrivelse og p\u00e5melding (knappen &laquo;Bli med&raquo;) til de enkelte klassene. Prisene finner du under fanen &laquo;Priser&raquo; \u00f8verst p\u00e5 menylinjen. Asker Yoga Shala tilbyr ogs\u00e5 noen live online timer, og vi har et eget videoarkiv. Du kan delta i v\u00e5re live yogaklasser gjennom ZOOM. [&hellip;]<\/p>\n","protected":false},"author":1,"featured_media":0,"parent":0,"menu_order":0,"comment_status":"closed","ping_status":"closed","template":"","meta":{"footnotes":""},"class_list":["post-1705","page","type-page","status-publish","hentry"],"featured_image_src":null,"jetpack_sharing_enabled":true,"_links":{"self":[{"href":"https:\/\/askeryogashala.no\/index.php?rest_route=\/wp\/v2\/pages\/1705","targetHints":{"allow":["GET"]}}],"collection":[{"href":"https:\/\/askeryogashala.no\/index.php?rest_route=\/wp\/v2\/pages"}],"about":[{"href":"https:\/\/askeryogashala.no\/index.php?rest_route=\/wp\/v2\/types\/page"}],"author":[{"embeddable":true,"href":"https:\/\/askeryogashala.no\/index.php?rest_route=\/wp\/v2\/users\/1"}],"replies":[{"embeddable":true,"href":"https:\/\/askeryogashala.no\/index.php?rest_route=%2Fwp%2Fv2%2Fcomments&post=1705"}],"version-history":[{"count":29,"href":"https:\/\/askeryogashala.no\/index.php?rest_route=\/wp\/v2\/pages\/1705\/revisions"}],"predecessor-version":[{"id":2481,"href":"https:\/\/askeryogashala.no\/index.php?rest_route=\/wp\/v2\/pages\/1705\/revisions\/2481"}],"wp:attachment":[{"href":"https:\/\/askeryogashala.no\/index.php?rest_route=%2Fwp%2Fv2%2Fmedia&parent=1705"}],"curies":[{"name":"wp","href":"https:\/\/api.w.org\/{rel}","templated":true}]}}