{"id":1197,"date":"2020-01-18T15:21:05","date_gmt":"2020-01-18T14:21:05","guid":{"rendered":"http:\/\/askeryogashala.no\/?page_id=1197"},"modified":"2025-01-05T11:32:39","modified_gmt":"2025-01-05T10:32:39","slug":"om-oss","status":"publish","type":"page","link":"https:\/\/askeryogashala.no\/?page_id=1197","title":{"rendered":"Om oss"},"content":{"rendered":"\r\n<p>\u00a0 \u00a0 \u00a0 \u00a0 \u00a0 \u00a0 <img decoding=\"async\" class=\"alignnone size-medium wp-image-3053 lazyload\" src=\"data:image\/gif;base64,R0lGODlhAQABAIAAAAAAAP\/\/\/yH5BAEAAAAALAAAAAABAAEAAAIBRAA7\" data-src=\"https:\/\/askeryogashala.no\/wp-content\/uploads\/2022\/08\/IMG_8706-207x300.jpg\" alt=\"\" width=\"207\" height=\"300\" \/><noscript><img decoding=\"async\" class=\"alignnone size-medium wp-image-3053 lazyload\" src=\"https:\/\/askeryogashala.no\/wp-content\/uploads\/2022\/08\/IMG_8706-207x300.jpg\" alt=\"\" width=\"207\" height=\"300\" \/><\/noscript>\u00a0 \u00a0 \u00a0 <img decoding=\"async\" class=\"alignnone size-medium wp-image-3055 lazyload\" src=\"data:image\/gif;base64,R0lGODlhAQABAIAAAAAAAP\/\/\/yH5BAEAAAAALAAAAAABAAEAAAIBRAA7\" data-src=\"https:\/\/askeryogashala.no\/wp-content\/uploads\/2022\/08\/A528B3E2-27EA-4B87-A602-6A335EEB47E2-300x300.jpg\" alt=\"\" width=\"300\" height=\"300\" \/><noscript><img decoding=\"async\" class=\"alignnone size-medium wp-image-3055 lazyload\" src=\"https:\/\/askeryogashala.no\/wp-content\/uploads\/2022\/08\/A528B3E2-27EA-4B87-A602-6A335EEB47E2-300x300.jpg\" alt=\"\" width=\"300\" height=\"300\" srcset=\"https:\/\/askeryogashala.no\/wp-content\/uploads\/2022\/08\/A528B3E2-27EA-4B87-A602-6A335EEB47E2-300x300.jpg 300w, https:\/\/askeryogashala.no\/wp-content\/uploads\/2022\/08\/A528B3E2-27EA-4B87-A602-6A335EEB47E2-1024x1024.jpg 1024w, https:\/\/askeryogashala.no\/wp-content\/uploads\/2022\/08\/A528B3E2-27EA-4B87-A602-6A335EEB47E2-150x150.jpg 150w, https:\/\/askeryogashala.no\/wp-content\/uploads\/2022\/08\/A528B3E2-27EA-4B87-A602-6A335EEB47E2-768x768.jpg 768w, https:\/\/askeryogashala.no\/wp-content\/uploads\/2022\/08\/A528B3E2-27EA-4B87-A602-6A335EEB47E2-32x32.jpg 32w, https:\/\/askeryogashala.no\/wp-content\/uploads\/2022\/08\/A528B3E2-27EA-4B87-A602-6A335EEB47E2-100x100.jpg 100w, https:\/\/askeryogashala.no\/wp-content\/uploads\/2022\/08\/A528B3E2-27EA-4B87-A602-6A335EEB47E2-250x250.jpg 250w, https:\/\/askeryogashala.no\/wp-content\/uploads\/2022\/08\/A528B3E2-27EA-4B87-A602-6A335EEB47E2-500x500.jpg 500w, https:\/\/askeryogashala.no\/wp-content\/uploads\/2022\/08\/A528B3E2-27EA-4B87-A602-6A335EEB47E2-350x350.jpg 350w, https:\/\/askeryogashala.no\/wp-content\/uploads\/2022\/08\/A528B3E2-27EA-4B87-A602-6A335EEB47E2.jpg 1440w\" sizes=\"(max-width: 300px) 100vw, 300px\" \/><\/noscript><\/p>\r\n\r\n\r\n\r\n<p>Shala betyr hus eller hjem p\u00e5 sanskrit og her kommer en forklaring p\u00e5 engelsk som s\u00e5 fint oppsummerer hva vi pr\u00f8ver \u00e5 skape i Asker sentrum.\u2060<\/p>\r\n\r\n\r\n\r\n<p>\u00abA yoga shala is a place where the practice of yoga is taught, but also provides a nurturing and supportive environment for yogis to gather, share experiences and grow in their practice.\u00bb<\/p>\r\n<p>\u00a0 \u00a0 \u00a0 \u00a0 \u00a0 \u00a0 \u00a0 \u00a0<img decoding=\"async\" class=\"alignnone size-medium wp-image-2851 lazyload\" src=\"data:image\/gif;base64,R0lGODlhAQABAIAAAAAAAP\/\/\/yH5BAEAAAAALAAAAAABAAEAAAIBRAA7\" data-src=\"https:\/\/askeryogashala.no\/wp-content\/uploads\/2021\/06\/Yogashop-274x300.jpg\" alt=\"\" width=\"274\" height=\"300\" \/><noscript><img decoding=\"async\" class=\"alignnone size-medium wp-image-2851 lazyload\" src=\"https:\/\/askeryogashala.no\/wp-content\/uploads\/2021\/06\/Yogashop-274x300.jpg\" alt=\"\" width=\"274\" height=\"300\" srcset=\"https:\/\/askeryogashala.no\/wp-content\/uploads\/2021\/06\/Yogashop-274x300.jpg 274w, https:\/\/askeryogashala.no\/wp-content\/uploads\/2021\/06\/Yogashop-29x32.jpg 29w, https:\/\/askeryogashala.no\/wp-content\/uploads\/2021\/06\/Yogashop-91x100.jpg 91w, https:\/\/askeryogashala.no\/wp-content\/uploads\/2021\/06\/Yogashop-228x250.jpg 228w, https:\/\/askeryogashala.no\/wp-content\/uploads\/2021\/06\/Yogashop-456x500.jpg 456w, https:\/\/askeryogashala.no\/wp-content\/uploads\/2021\/06\/Yogashop-350x384.jpg 350w, https:\/\/askeryogashala.no\/wp-content\/uploads\/2021\/06\/Yogashop.jpg 686w\" sizes=\"(max-width: 274px) 100vw, 274px\" \/><\/noscript>\u00a0 \u00a0\u00a0<img decoding=\"async\" class=\"alignnone size-medium wp-image-2828 lazyload\" src=\"data:image\/gif;base64,R0lGODlhAQABAIAAAAAAAP\/\/\/yH5BAEAAAAALAAAAAABAAEAAAIBRAA7\" data-src=\"https:\/\/askeryogashala.no\/wp-content\/uploads\/2021\/05\/shala-225x300.jpg\" alt=\"\" width=\"225\" height=\"300\" \/><noscript><img decoding=\"async\" class=\"alignnone size-medium wp-image-2828 lazyload\" src=\"https:\/\/askeryogashala.no\/wp-content\/uploads\/2021\/05\/shala-225x300.jpg\" alt=\"\" width=\"225\" height=\"300\" srcset=\"https:\/\/askeryogashala.no\/wp-content\/uploads\/2021\/05\/shala-225x300.jpg 225w, https:\/\/askeryogashala.no\/wp-content\/uploads\/2021\/05\/shala-768x1024.jpg 768w, https:\/\/askeryogashala.no\/wp-content\/uploads\/2021\/05\/shala-24x32.jpg 24w, https:\/\/askeryogashala.no\/wp-content\/uploads\/2021\/05\/shala-75x100.jpg 75w, https:\/\/askeryogashala.no\/wp-content\/uploads\/2021\/05\/shala-188x250.jpg 188w, https:\/\/askeryogashala.no\/wp-content\/uploads\/2021\/05\/shala-375x500.jpg 375w, https:\/\/askeryogashala.no\/wp-content\/uploads\/2021\/05\/shala-1152x1536.jpg 1152w, https:\/\/askeryogashala.no\/wp-content\/uploads\/2021\/05\/shala-1536x2048.jpg 1536w, https:\/\/askeryogashala.no\/wp-content\/uploads\/2021\/05\/shala-350x467.jpg 350w, https:\/\/askeryogashala.no\/wp-content\/uploads\/2021\/05\/shala-scaled.jpg 1920w\" sizes=\"(max-width: 225px) 100vw, 225px\" \/><\/noscript><\/p>\r\n<p>\u00a0 \u00a0 \u00a0 \u00a0 \u00a0 \u00a0 \u00a0 \u00a0 \u00a0 \u00a0 \u00a0 \u00a0 \u00a0 \u00a0 \u00a0 \u00a0 \u00a0 \u00a0 \u00a0 \u00a0 \u00a0 \u00a0 \u00a0 \u00a0 \u00a0 \u00a0 \u00a0 \u00a0 \u00a0 \u00a0 \u00a0 \u00a0 \u00a0 \u00a0 \u00a0 \u00a0 <img decoding=\"async\" class=\"alignnone  wp-image-3273 lazyload\" src=\"data:image\/gif;base64,R0lGODlhAQABAIAAAAAAAP\/\/\/yH5BAEAAAAALAAAAAABAAEAAAIBRAA7\" data-src=\"https:\/\/askeryogashala.no\/wp-content\/uploads\/2024\/03\/Medlemsemblem-NYF-300x300.png\" alt=\"\" width=\"148\" height=\"148\" \/><noscript><img decoding=\"async\" class=\"alignnone  wp-image-3273 lazyload\" src=\"https:\/\/askeryogashala.no\/wp-content\/uploads\/2024\/03\/Medlemsemblem-NYF-300x300.png\" alt=\"\" width=\"148\" height=\"148\" srcset=\"https:\/\/askeryogashala.no\/wp-content\/uploads\/2024\/03\/Medlemsemblem-NYF-300x300.png 300w, https:\/\/askeryogashala.no\/wp-content\/uploads\/2024\/03\/Medlemsemblem-NYF-150x150.png 150w, https:\/\/askeryogashala.no\/wp-content\/uploads\/2024\/03\/Medlemsemblem-NYF-32x32.png 32w, https:\/\/askeryogashala.no\/wp-content\/uploads\/2024\/03\/Medlemsemblem-NYF-100x100.png 100w, https:\/\/askeryogashala.no\/wp-content\/uploads\/2024\/03\/Medlemsemblem-NYF-250x250.png 250w, https:\/\/askeryogashala.no\/wp-content\/uploads\/2024\/03\/Medlemsemblem-NYF.png 500w\" sizes=\"(max-width: 148px) 100vw, 148px\" \/><\/noscript><\/p>\r\n<p>&nbsp;<\/p>\r\n<p style=\"text-align: right;\">\u00a0 \u00a0Foto: Vibeke Glosli<\/p>\r\n","protected":false},"excerpt":{"rendered":"<p>\u00a0 \u00a0 \u00a0 \u00a0 \u00a0 \u00a0 \u00a0 \u00a0 \u00a0 Shala betyr hus eller hjem p\u00e5 sanskrit og her kommer en forklaring p\u00e5 engelsk som s\u00e5 fint oppsummerer hva vi pr\u00f8ver \u00e5 skape i Asker sentrum.\u2060 \u00abA yoga shala is a place where the practice of yoga is taught, but also provides a nurturing and supportive [&hellip;]<\/p>\n","protected":false},"author":1,"featured_media":0,"parent":0,"menu_order":0,"comment_status":"closed","ping_status":"closed","template":"","meta":{"footnotes":""},"class_list":["post-1197","page","type-page","status-publish","hentry"],"featured_image_src":null,"jetpack_sharing_enabled":true,"_links":{"self":[{"href":"https:\/\/askeryogashala.no\/index.php?rest_route=\/wp\/v2\/pages\/1197","targetHints":{"allow":["GET"]}}],"collection":[{"href":"https:\/\/askeryogashala.no\/index.php?rest_route=\/wp\/v2\/pages"}],"about":[{"href":"https:\/\/askeryogashala.no\/index.php?rest_route=\/wp\/v2\/types\/page"}],"author":[{"embeddable":true,"href":"https:\/\/askeryogashala.no\/index.php?rest_route=\/wp\/v2\/users\/1"}],"replies":[{"embeddable":true,"href":"https:\/\/askeryogashala.no\/index.php?rest_route=%2Fwp%2Fv2%2Fcomments&post=1197"}],"version-history":[{"count":30,"href":"https:\/\/askeryogashala.no\/index.php?rest_route=\/wp\/v2\/pages\/1197\/revisions"}],"predecessor-version":[{"id":3566,"href":"https:\/\/askeryogashala.no\/index.php?rest_route=\/wp\/v2\/pages\/1197\/revisions\/3566"}],"wp:attachment":[{"href":"https:\/\/askeryogashala.no\/index.php?rest_route=%2Fwp%2Fv2%2Fmedia&parent=1197"}],"curies":[{"name":"wp","href":"https:\/\/api.w.org\/{rel}","templated":true}]}}